{"id":88554,"date":"2023-05-23T08:43:20","date_gmt":"2023-05-23T06:43:20","guid":{"rendered":"https:\/\/promzvak.nl\/product\/bottleglow-rcs-gerecyclede-plastic-fles-licht\/"},"modified":"2024-10-17T17:26:19","modified_gmt":"2024-10-17T15:26:19","slug":"bottleglow-rcs-gerecyclede-plastic-fles-licht","status":"publish","type":"product","link":"https:\/\/promzvak.nl\/nl\/product\/bottleglow-rcs-gerecyclede-plastic-fles-licht\/","title":{"rendered":"BottleGlow RCS gerecyclede plastic fles licht"},"content":{"rendered":"<p>Verander elke lege fles in een modieus tafelstuk met deze USB-oplaadbare flessenlamp. Steek de lamp eenvoudig in een oude wijn- of sterke drankfles en er ontstaat een stoere design tafellamp. Gemaakt van gerecycled ABS-plastic. De lamp wordt geleverd met een ge\u00efntegreerde 1200 mAh A-batterij die de gebruikstijd na \u00e9\u00e9n keer opladen ondersteunt tot 4 uur en het opladen gebeurt in 2 uur. De lamp is voorzien van 31 ge\u00efntegreerde LED&#8217;s en produceert 120 lumen. Verpakt in plasticvrije FSC-mixdoos. Totaal gerecycled materiaal: 32% op basis van het totale gewicht van het artikel. RCS-certificering zorgt voor een volledig gecertificeerde toeleveringsketen van de gerecyclede materialen. PVC-vrij. Inclusief gerecyclede TPE type C laadkabel<\/p>\n<p>\u00a0<\/p>\n<!-- AddThis Advanced Settings generic via filter on the_content --><!-- AddThis Share Buttons generic via filter on the_content -->","protected":false},"excerpt":{"rendered":"<p>Verander elke lege fles in een modieus tafelstuk met deze USB-oplaadbare flessenlamp. Steek de lamp eenvoudig in een oude wijn- of sterke drankfles en er ontstaat een stoere design tafellamp. Gemaakt van gerecycled ABS-plastic. De lamp wordt geleverd met een ge\u00efntegreerde 1200 mAh A-batterij die de gebruikstijd na \u00e9\u00e9n keer opladen ondersteunt tot 4 uur en het opladen gebeurt in 2 uur. De lamp is voorzien van 31 ge\u00efntegreerde LED&#8217;s en produceert 120 lumen. Verpakt in plasticvrije FSC-mixdoos. Totaal gerecycled materiaal: 32% op basis van het totale gewicht van het artikel. RCS-certificering zorgt voor een volledig gecertificeerde toeleveringsketen van de gerecyclede materialen. PVC-vrij. Inclusief gerecyclede TPE type C laadkabel [&#8230;]<\/p>\n<p><a class=\"btn btn-secondary understrap-read-more-link\" href=\"https:\/\/promzvak.nl\/nl\/product\/bottleglow-rcs-gerecyclede-plastic-fles-licht\/\">Lees verder&#8230;<\/a><\/p>\n<p><!-- AddThis Advanced Settings generic via filter on get_the_excerpt --><!-- AddThis Share Buttons generic via filter on get_the_excerpt --><\/p>\n","protected":false},"featured_media":88303,"template":"","meta":{"_acf_changed":false,"episode_type":"","audio_file":"","cover_image":"","cover_image_id":"","duration":"","filesize":"","date_recorded":"","explicit":"","block":"","filesize_raw":""},"product_cat":[295,262,349],"product_tag":[],"acf":[],"_links":{"self":[{"href":"https:\/\/promzvak.nl\/nl\/wp-json\/wp\/v2\/product\/88554"}],"collection":[{"href":"https:\/\/promzvak.nl\/nl\/wp-json\/wp\/v2\/product"}],"about":[{"href":"https:\/\/promzvak.nl\/nl\/wp-json\/wp\/v2\/types\/product"}],"wp:featuredmedia":[{"embeddable":true,"href":"https:\/\/promzvak.nl\/nl\/wp-json\/wp\/v2\/media\/88303"}],"wp:attachment":[{"href":"https:\/\/promzvak.nl\/nl\/wp-json\/wp\/v2\/media?parent=88554"}],"wp:term":[{"taxonomy":"product_cat","embeddable":true,"href":"https:\/\/promzvak.nl\/nl\/wp-json\/wp\/v2\/product_cat?post=88554"},{"taxonomy":"product_tag","embeddable":true,"href":"https:\/\/promzvak.nl\/nl\/wp-json\/wp\/v2\/product_tag?post=88554"}],"curies":[{"name":"wp","href":"https:\/\/api.w.org\/{rel}","templated":true}]}}