{"id":86162,"date":"2023-06-06T09:16:59","date_gmt":"2023-06-06T07:16:59","guid":{"rendered":"https:\/\/promzvak.nl\/product\/premium-express-bedrukte-sjaal\/"},"modified":"2024-09-17T14:57:40","modified_gmt":"2024-09-17T12:57:40","slug":"premium-express-bedrukte-sjaal","status":"publish","type":"product","link":"https:\/\/promzvak.nl\/nl\/product\/premium-express-bedrukte-sjaal\/","title":{"rendered":"Premium Express Bedrukte sjaal"},"content":{"rendered":"<p>Premium Express geprinte sjaals bieden een onge\u00ebvenaarde personalisatie en zijn m\u00e9\u00e9r dan alleen een accessoire. Het is een uiting van identiteit, merkherkenning en een staaltje innovatieve techniek.<br \/>\nVoor een opvallende indruk bieden onze geprinte sjaals eindeloze mogelijkheden voor creatieve branding. Hiermee kun je de bedrijfsboodschap op een kleurrijke en opvallende manier communiceren.<br \/>\nOf je nu indruk wilt maken op zakelijke partners, medewerkers wilt belonen met unieke geschenken, of gewoon het merk wilt promoten met stijl, onze sjaals zijn de perfecte keuze voor gepersonaliseerde zakelijke oplossingen.<\/p>\n<p>\u00a0<\/p>\n<!-- AddThis Advanced Settings generic via filter on the_content --><!-- AddThis Share Buttons generic via filter on the_content -->","protected":false},"excerpt":{"rendered":"<p>Premium Express geprinte sjaals bieden een onge\u00ebvenaarde personalisatie en zijn m\u00e9\u00e9r dan alleen een accessoire. Het is een uiting van identiteit, merkherkenning en een staaltje innovatieve techniek.<br \/>\nVoor een opvallende indruk bieden onze geprinte sjaals eindeloze mogelijkheden voor creatieve branding. Hiermee kun je de bedrijfsboodschap op een kleurrijke en opvallende manier communiceren.<br \/>\nOf je nu indruk wilt maken op zakelijke partners, medewerkers wilt belonen met unieke geschenken, of gewoon het merk wilt promoten met stijl, onze sjaals zijn de perfecte keuze voor gepersonaliseerde zakelijke oplossingen. [&#8230;]<\/p>\n<p><a class=\"btn btn-secondary understrap-read-more-link\" href=\"https:\/\/promzvak.nl\/nl\/product\/premium-express-bedrukte-sjaal\/\">Lees verder&#8230;<\/a><\/p>\n<p><!-- AddThis Advanced Settings generic via filter on get_the_excerpt --><!-- AddThis Share Buttons generic via filter on get_the_excerpt --><\/p>\n","protected":false},"featured_media":86163,"template":"","meta":{"_acf_changed":false,"episode_type":"","audio_file":"","cover_image":"","cover_image_id":"","duration":"","filesize":"","date_recorded":"","explicit":"","block":"","filesize_raw":""},"product_cat":[267,303,311,265,348],"product_tag":[13204],"acf":[],"_links":{"self":[{"href":"https:\/\/promzvak.nl\/nl\/wp-json\/wp\/v2\/product\/86162"}],"collection":[{"href":"https:\/\/promzvak.nl\/nl\/wp-json\/wp\/v2\/product"}],"about":[{"href":"https:\/\/promzvak.nl\/nl\/wp-json\/wp\/v2\/types\/product"}],"wp:featuredmedia":[{"embeddable":true,"href":"https:\/\/promzvak.nl\/nl\/wp-json\/wp\/v2\/media\/86163"}],"wp:attachment":[{"href":"https:\/\/promzvak.nl\/nl\/wp-json\/wp\/v2\/media?parent=86162"}],"wp:term":[{"taxonomy":"product_cat","embeddable":true,"href":"https:\/\/promzvak.nl\/nl\/wp-json\/wp\/v2\/product_cat?post=86162"},{"taxonomy":"product_tag","embeddable":true,"href":"https:\/\/promzvak.nl\/nl\/wp-json\/wp\/v2\/product_tag?post=86162"}],"curies":[{"name":"wp","href":"https:\/\/api.w.org\/{rel}","templated":true}]}}