{"id":64719,"date":"2022-06-20T13:09:19","date_gmt":"2022-06-20T11:09:19","guid":{"rendered":"https:\/\/promzvak.nl\/?post_type=product&#038;p=64719"},"modified":"2023-02-03T12:38:19","modified_gmt":"2023-02-03T10:38:19","slug":"mellowimage","status":"publish","type":"product","link":"https:\/\/promzvak.nl\/nl\/product\/mellowimage\/","title":{"rendered":"MellowImage"},"content":{"rendered":"<p>Op zoek naar een gepersonaliseerde, unieke mailing, een cadeau met GROTE impact, \u00e9\u00e9n die alle temperaturen doorstaat en nooit kapotgaat? Nou, wij hebben nu de oplossing voor je; MellowImage!<\/p>\n<p>Op een luxe afgewerkte marshmallow-plaat printen wij haarscherp jouw (klant) afbeelding, foto, logo of tekst. Daarna wordt de MellowImage hygi\u00ebnisch verpakt. En voor de duidelijkheid; hier is niks kinderachtigs aan! Z\u00e9ker niet wat betreft het formaat. Kies uit het XL-formaat (17 x 24 cm) of XXL- formaat (25 x 35 cm.). Nou, d\u00e1n kom je binnen bij de ontvanger.<\/p>\n<p>Van \u00e9\u00e9n tot \u2026duizend stuks. Razendsnel gemaakt, helemaal volgens jouw wensen.<br \/>\nWij kunnen ze per adres voor je versturen, de XL zelfs als briefpost. Of liever onverpakt op kantoor geleverd?<br \/>\nKan ook. Als je wilt, zelfs in een volledig gepersonaliseerde verpakking.<\/p>\n<p>Informeer snel naar de mogelijkheden!<\/p>\n<p><strong><a href=\"https:\/\/tastypresent.nl\/\" target=\"_blank\" rel=\"noopener\">Tasty Present<\/a> | <a href=\"mailto:sales@tastypresent.com\">sales@tastypresent.com<\/a> | 046-475 8107<\/strong><\/p>\n<!-- AddThis Advanced Settings generic via filter on the_content --><!-- AddThis Share Buttons generic via filter on the_content -->","protected":false},"excerpt":{"rendered":"<p>Op zoek naar een gepersonaliseerde, unieke mailing, een cadeau met GROTE impact, \u00e9\u00e9n die alle temperaturen doorstaat en nooit kapotgaat? Nou, wij hebben nu de oplossing voor je; MellowImage!<\/p>\n<p>Op een luxe afgewerkte marshmallow-plaat printen wij haarscherp jouw (klant) afbeelding, foto, logo of tekst. Daarna wordt de MellowImage hygi\u00ebnisch verpakt. En voor de duidelijkheid; hier is niks kinderachtigs aan! Z\u00e9ker niet wat betreft het formaat. Kies uit het XL-formaat (17 x 24 cm) of XXL- formaat (25 x 35 cm.). Nou, d\u00e1n kom je binnen bij de ontvanger.<\/p>\n<p>Van \u00e9\u00e9n tot \u2026duizend stuks. Razendsnel gemaakt, helemaal volgens jouw wensen.<br \/>\nWij kunnen ze per adres voor je versturen, de XL zelfs als briefpost. Of liever onverpakt op kantoor geleverd?<br \/>\nKan ook. Als je wilt, zelfs in een volledig gepersonaliseerde verpakking.<\/p>\n<p>Informeer snel naar de mogelijkheden!<\/p>\n<p><strong><a href=\"https:\/\/tastypresent.nl\/\" target=\"_blank\" rel=\"noopener\">Tasty Present<\/a> | <a href=\"mailto:sales@tastypresent.com\">sales@tastypresent.com<\/a> | 046-475 8107<\/strong> [&#8230;]<\/p>\n<p><a class=\"btn btn-secondary understrap-read-more-link\" href=\"https:\/\/promzvak.nl\/nl\/product\/mellowimage\/\">Lees verder&#8230;<\/a><\/p>\n<p><!-- AddThis Advanced Settings generic via filter on get_the_excerpt --><!-- AddThis Share Buttons generic via filter on get_the_excerpt --><\/p>\n","protected":false},"featured_media":64720,"template":"","meta":{"_acf_changed":false,"episode_type":"","audio_file":"","cover_image":"","cover_image_id":"","duration":"","filesize":"","date_recorded":"","explicit":"","block":"","filesize_raw":""},"product_cat":[287,257],"product_tag":[],"acf":[],"_links":{"self":[{"href":"https:\/\/promzvak.nl\/nl\/wp-json\/wp\/v2\/product\/64719"}],"collection":[{"href":"https:\/\/promzvak.nl\/nl\/wp-json\/wp\/v2\/product"}],"about":[{"href":"https:\/\/promzvak.nl\/nl\/wp-json\/wp\/v2\/types\/product"}],"wp:featuredmedia":[{"embeddable":true,"href":"https:\/\/promzvak.nl\/nl\/wp-json\/wp\/v2\/media\/64720"}],"wp:attachment":[{"href":"https:\/\/promzvak.nl\/nl\/wp-json\/wp\/v2\/media?parent=64719"}],"wp:term":[{"taxonomy":"product_cat","embeddable":true,"href":"https:\/\/promzvak.nl\/nl\/wp-json\/wp\/v2\/product_cat?post=64719"},{"taxonomy":"product_tag","embeddable":true,"href":"https:\/\/promzvak.nl\/nl\/wp-json\/wp\/v2\/product_tag?post=64719"}],"curies":[{"name":"wp","href":"https:\/\/api.w.org\/{rel}","templated":true}]}}