{"id":62469,"date":"2022-01-24T02:47:40","date_gmt":"2022-01-24T00:47:40","guid":{"rendered":"https:\/\/promzvak.nl\/product\/dagelijkse-kost-koekenpan\/"},"modified":"2022-06-20T10:35:50","modified_gmt":"2022-06-20T08:35:50","slug":"dagelijkse-kost-koekenpan","status":"publish","type":"product","link":"https:\/\/promzvak.nl\/nl\/product\/dagelijkse-kost-koekenpan\/","title":{"rendered":"Dagelijkse Kost Koekenpan"},"content":{"rendered":"<p>Wie wil koken met gezond verstand, kiest voor keramisch. De keramische laag van de PFAS-vrije Dagelijkse Kost Koekenpan &#8211; \u00d820 cm is gemaakt van natuurlijke materialen, zonder schadelijke stoffen. Deze pannen worden bovendien snel warm, zijn zonder moeite schoon te maken en bakken als geen ander.<br \/>\nDe Dagelijkse Kost pannen hebben een Thermolon\u2122 anti-kleeflaag. Deze gepatenteerde keramische anti-aanbaklaag is gemaakt op basis van zand en zal nooit schadelijke stoffen of dampen vrijgeven, al raakt je pan per ongeluk oververhit. De coating geleidt de warmte snel en zorgt voor een perfect korstje op je vlees of vis.<br \/>\nDagelijkse Kost is \u00e9\u00e9n van de bekendste kookprogramma&#8217;s met kok Jeroen Meus op de Belgische TV. Als voorstander van gezond \u00e9n lekker koken, zijn deze pannen een perfecte aanvulling op jouw keukgerei. Duurzaam, energiebesparend \u00e9n mooi.<\/p>\n<!-- AddThis Advanced Settings generic via filter on the_content --><!-- AddThis Share Buttons generic via filter on the_content -->","protected":false},"excerpt":{"rendered":"<p>Wie wil koken met gezond verstand, kiest voor keramisch. De keramische laag van de PFAS-vrije Dagelijkse Kost Koekenpan &#8211; \u00d820 cm is gemaakt van natuurlijke materialen, zonder schadelijke stoffen. Deze pannen worden bovendien snel warm, zijn zonder moeite schoon te maken en bakken als geen ander.<br \/>\nDe Dagelijkse Kost pannen hebben een Thermolon\u2122 anti-kleeflaag. Deze gepatenteerde keramische anti-aanbaklaag is gemaakt op basis van zand en zal nooit schadelijke stoffen of dampen vrijgeven, al raakt je pan per ongeluk oververhit. De coating geleidt de warmte snel en zorgt voor een perfect korstje op je vlees of vis.<br \/>\nDagelijkse Kost is \u00e9\u00e9n van de bekendste kookprogramma&#8217;s met kok Jeroen Meus op de Belgische TV. Als voorstander van gezond \u00e9n lekker koken, zijn deze pannen een perfecte aanvulling op jouw keukgerei. Duurzaam, energiebesparend \u00e9n mooi. [&#8230;]<\/p>\n<p><a class=\"btn btn-secondary understrap-read-more-link\" href=\"https:\/\/promzvak.nl\/nl\/product\/dagelijkse-kost-koekenpan\/\">Lees verder&#8230;<\/a><\/p>\n<p><!-- AddThis Advanced Settings generic via filter on get_the_excerpt --><!-- AddThis Share Buttons generic via filter on get_the_excerpt --><\/p>\n","protected":false},"featured_media":62470,"template":"","meta":{"_acf_changed":false,"episode_type":"","audio_file":"","cover_image":"","cover_image_id":"","duration":"","filesize":"","date_recorded":"","explicit":"","block":"","filesize_raw":""},"product_cat":[267,290,257,294,298,260],"product_tag":[],"acf":[],"_links":{"self":[{"href":"https:\/\/promzvak.nl\/nl\/wp-json\/wp\/v2\/product\/62469"}],"collection":[{"href":"https:\/\/promzvak.nl\/nl\/wp-json\/wp\/v2\/product"}],"about":[{"href":"https:\/\/promzvak.nl\/nl\/wp-json\/wp\/v2\/types\/product"}],"wp:featuredmedia":[{"embeddable":true,"href":"https:\/\/promzvak.nl\/nl\/wp-json\/wp\/v2\/media\/62470"}],"wp:attachment":[{"href":"https:\/\/promzvak.nl\/nl\/wp-json\/wp\/v2\/media?parent=62469"}],"wp:term":[{"taxonomy":"product_cat","embeddable":true,"href":"https:\/\/promzvak.nl\/nl\/wp-json\/wp\/v2\/product_cat?post=62469"},{"taxonomy":"product_tag","embeddable":true,"href":"https:\/\/promzvak.nl\/nl\/wp-json\/wp\/v2\/product_tag?post=62469"}],"curies":[{"name":"wp","href":"https:\/\/api.w.org\/{rel}","templated":true}]}}