{"id":62302,"date":"2021-12-03T12:34:51","date_gmt":"2021-12-03T10:34:51","guid":{"rendered":"https:\/\/promzvak.nl\/product\/bk-fortalit-braadslede\/"},"modified":"2022-06-20T10:32:10","modified_gmt":"2022-06-20T08:32:10","slug":"bk-fortalit-braadslede","status":"publish","type":"product","link":"https:\/\/promzvak.nl\/nl\/product\/bk-fortalit-braadslede\/","title":{"rendered":"BK Fortalit Braadslede"},"content":{"rendered":"<p>Met de BK Fortalit haal je een echte klassieker in huis op het gebied van bakken en braden. Het ge\u00ebmailleerd staal van BK Fortalit is oersterk, slijtvast en gaat zeer lang mee. De gladde, ge\u00ebmailleerde binnenkant voldoet aan de hoogste hygi\u00ebne- en voedingsnormen, wordt makkelijk schoon en neemt geen vuil, geur of vet aan.<\/p>\n<!-- AddThis Advanced Settings generic via filter on the_content --><!-- AddThis Share Buttons generic via filter on the_content -->","protected":false},"excerpt":{"rendered":"<p>Met de BK Fortalit haal je een echte klassieker in huis op het gebied van bakken en braden. Het ge\u00ebmailleerd staal van BK Fortalit is oersterk, slijtvast en gaat zeer lang mee. De gladde, ge\u00ebmailleerde binnenkant voldoet aan de hoogste hygi\u00ebne- en voedingsnormen, wordt makkelijk schoon en neemt geen vuil, geur of vet aan. [&#8230;]<\/p>\n<p><a class=\"btn btn-secondary understrap-read-more-link\" href=\"https:\/\/promzvak.nl\/nl\/product\/bk-fortalit-braadslede\/\">Lees verder&#8230;<\/a><\/p>\n<p><!-- AddThis Advanced Settings generic via filter on get_the_excerpt --><!-- AddThis Share Buttons generic via filter on get_the_excerpt --><\/p>\n","protected":false},"featured_media":62303,"template":"","meta":{"_acf_changed":false,"episode_type":"","audio_file":"","cover_image":"","cover_image_id":"","duration":"","filesize":"","date_recorded":"","explicit":"","block":"","filesize_raw":""},"product_cat":[267,291,257,294,298,260],"product_tag":[],"acf":[],"_links":{"self":[{"href":"https:\/\/promzvak.nl\/nl\/wp-json\/wp\/v2\/product\/62302"}],"collection":[{"href":"https:\/\/promzvak.nl\/nl\/wp-json\/wp\/v2\/product"}],"about":[{"href":"https:\/\/promzvak.nl\/nl\/wp-json\/wp\/v2\/types\/product"}],"wp:featuredmedia":[{"embeddable":true,"href":"https:\/\/promzvak.nl\/nl\/wp-json\/wp\/v2\/media\/62303"}],"wp:attachment":[{"href":"https:\/\/promzvak.nl\/nl\/wp-json\/wp\/v2\/media?parent=62302"}],"wp:term":[{"taxonomy":"product_cat","embeddable":true,"href":"https:\/\/promzvak.nl\/nl\/wp-json\/wp\/v2\/product_cat?post=62302"},{"taxonomy":"product_tag","embeddable":true,"href":"https:\/\/promzvak.nl\/nl\/wp-json\/wp\/v2\/product_tag?post=62302"}],"curies":[{"name":"wp","href":"https:\/\/api.w.org\/{rel}","templated":true}]}}