{"id":55219,"date":"2020-12-15T00:00:00","date_gmt":"2020-12-14T22:00:00","guid":{"rendered":"https:\/\/promzvak.nl\/?post_type=product&#038;p=55219"},"modified":"2021-12-24T15:30:14","modified_gmt":"2021-12-24T13:30:14","slug":"biologische-lemonstick-hete-citroen-individueel-design","status":"publish","type":"product","link":"https:\/\/promzvak.nl\/nl\/product\/biologische-lemonstick-hete-citroen-individueel-design\/","title":{"rendered":"Biologische LemonStick &#8211; Hete citroen &#8211; Individueel Design"},"content":{"rendered":"<p>De Bio LemonStick in een individueel design<\/p>\n<p>\u2022 Geproduceerd van plantenvezels en zetmeel<br \/>\n\u2022 Zonder gentechniek<br \/>\n\u2022 Veganistisch<br \/>\n\u2022 Niet gebaseerd op aardolie<br \/>\n\u2022 100% van weer aangroeiende en natuurlijke grondstoffen<br \/>\n\u2022 Biologisch afbreekbaar (composteerbaar)<\/p>\n<p>Eenvoudig en ongecompliceerd in het gebruik: door de speciale perforatie kan het water circuleren, de smaak en werking ontplooien zich optimaal. Het ingewerkte vlies zorgt voor kruimelvrije thee en voorkomt lastig nadruppelen. <\/p>\n<p>Soort: CitroStick: Met de Biologische CitroStick bereidt u heel gemakkelijk een traditionele hete citroenthee &#8211; een probaat, weldadig huismiddel &#8211; bijna in een handomdraai. Met vruchtvlees, schil en sap van biologisch geteelde citroenen smaakt deze thee alsof u hem zelf hebt gezet &#8211; een vleugje gember en rietsuiker ronden de smaak af. 100% biologische kwaliteit. BIO-controlepunt DE-\u00d6KO-37. <\/p>\n<p>Decoratie: 4-kleurige opdruk op de aromabeschermende verpakking.<\/p>\n<p>Ook verkrijgbaar in diverse verpakkingsvarianten en geschenkensets.<\/p>\n<p>Bio, Tee, Tee-Stick, TeaStick, Tea, Kr\u00e4utertee, Fr\u00fcchtetee, Schwarztee, Gr\u00fcntee, Wellness, Tea, Getr\u00e4nke, Drinks, WinterGive-Aways, Streuartikel, Werbeartikel, eigener Tee, mit Logo bedrucken, Werbemittel,<\/p>\n<!-- AddThis Advanced Settings generic via filter on the_content --><!-- AddThis Share Buttons generic via filter on the_content -->","protected":false},"excerpt":{"rendered":"<p>De Bio LemonStick in een individueel design<\/p>\n<p>\u2022 Geproduceerd van plantenvezels en zetmeel<br \/>\n\u2022 Zonder gentechniek<br \/>\n\u2022 Veganistisch<br \/>\n\u2022 Niet gebaseerd op aardolie<br \/>\n\u2022 100% van weer aangroeiende en natuurlijke grondstoffen<br \/>\n\u2022 Biologisch afbreekbaar (composteerbaar)<\/p>\n<p>Eenvoudig en ongecompliceerd in het gebruik: door de speciale perforatie kan het water circuleren, de smaak en werking ontplooien zich optimaal. Het ingewerkte vlies zorgt voor kruimelvrije thee en voorkomt lastig nadruppelen. <\/p>\n<p>Soort: CitroStick: Met de Biologische CitroStick bereidt u heel gemakkelijk een traditionele hete citroenthee &#8211; een probaat, weldadig huismiddel &#8211; bijna in een handomdraai. Met vruchtvlees, schil en sap van biologisch geteelde citroenen smaakt deze thee alsof u hem zelf hebt gezet &#8211; een vleugje gember en rietsuiker ronden de smaak af. 100% biologische kwaliteit. BIO-controlepunt DE-\u00d6KO-37. <\/p>\n<p>Decoratie: 4-kleurige opdruk op de aromabeschermende verpakking.<\/p>\n<p>Ook verkrijgbaar in diverse verpakkingsvarianten en geschenkensets. [&#8230;]<\/p>\n<p><a class=\"btn btn-secondary understrap-read-more-link\" href=\"https:\/\/promzvak.nl\/nl\/product\/biologische-lemonstick-hete-citroen-individueel-design\/\">Lees verder&#8230;<\/a><\/p>\n<p><!-- AddThis Advanced Settings generic via filter on get_the_excerpt --><!-- AddThis Share Buttons generic via filter on get_the_excerpt --><\/p>\n","protected":false},"featured_media":55210,"template":"","meta":{"_acf_changed":false,"episode_type":"","audio_file":"","cover_image":"","cover_image_id":"","duration":"","filesize":"","date_recorded":"","explicit":"","block":"","filesize_raw":""},"product_cat":[267,290,257,294],"product_tag":[],"acf":[],"_links":{"self":[{"href":"https:\/\/promzvak.nl\/nl\/wp-json\/wp\/v2\/product\/55219"}],"collection":[{"href":"https:\/\/promzvak.nl\/nl\/wp-json\/wp\/v2\/product"}],"about":[{"href":"https:\/\/promzvak.nl\/nl\/wp-json\/wp\/v2\/types\/product"}],"wp:featuredmedia":[{"embeddable":true,"href":"https:\/\/promzvak.nl\/nl\/wp-json\/wp\/v2\/media\/55210"}],"wp:attachment":[{"href":"https:\/\/promzvak.nl\/nl\/wp-json\/wp\/v2\/media?parent=55219"}],"wp:term":[{"taxonomy":"product_cat","embeddable":true,"href":"https:\/\/promzvak.nl\/nl\/wp-json\/wp\/v2\/product_cat?post=55219"},{"taxonomy":"product_tag","embeddable":true,"href":"https:\/\/promzvak.nl\/nl\/wp-json\/wp\/v2\/product_tag?post=55219"}],"curies":[{"name":"wp","href":"https:\/\/api.w.org\/{rel}","templated":true}]}}