{"id":38969,"date":"2021-06-21T00:00:00","date_gmt":"2021-06-20T22:00:00","guid":{"rendered":"https:\/\/promzvak.nl\/product\/leo-line-rasp-zester\/"},"modified":"2021-12-24T15:24:57","modified_gmt":"2021-12-24T13:24:57","slug":"leo-line-rasp-zester","status":"publish","type":"product","link":"https:\/\/promzvak.nl\/nl\/product\/leo-line-rasp-zester\/","title":{"rendered":"Leo Line rasp\/zester"},"content":{"rendered":"<p>Specerijen, fruit, groenten, chocolade, &#8230; wat je ook wilt raspen, snijden of zesteren, met de Leo raspjes is een koud kunstje. Met de verschillende messen van de rasp kunt u de juiste rasp kiezen voor elk soort ingredi\u00ebnt. De ultrascherpe raspen hebben allemaal een ge\u00ebtst mes om optimale prestaties te garanderen en ervoor te zorgen dat u sneller en effici\u00ebnter kunt raspen of zesteren om uw uiteindelijke gerecht een professionele uitstraling te geven. Daar bovenop heeft elke rasp een ergonomische softgriphandgreep voor een veilige en comfortabele grip.<\/p>\n<!-- AddThis Advanced Settings generic via filter on the_content --><!-- AddThis Share Buttons generic via filter on the_content -->","protected":false},"excerpt":{"rendered":"<p>Specerijen, fruit, groenten, chocolade, &#8230; wat je ook wilt raspen, snijden of zesteren, met de Leo raspjes is een koud kunstje. Met de verschillende messen van de rasp kunt u de juiste rasp kiezen voor elk soort ingredi\u00ebnt. De ultrascherpe raspen hebben allemaal een ge\u00ebtst mes om optimale prestaties te garanderen en ervoor te zorgen dat u sneller en effici\u00ebnter kunt raspen of zesteren om uw uiteindelijke gerecht een professionele uitstraling te geven. Daar bovenop heeft elke rasp een ergonomische softgriphandgreep voor een veilige en comfortabele grip. [&#8230;]<\/p>\n<p><a class=\"btn btn-secondary understrap-read-more-link\" href=\"https:\/\/promzvak.nl\/nl\/product\/leo-line-rasp-zester\/\">Lees verder&#8230;<\/a><\/p>\n<p><!-- AddThis Advanced Settings generic via filter on get_the_excerpt --><!-- AddThis Share Buttons generic via filter on get_the_excerpt --><\/p>\n","protected":false},"featured_media":38896,"template":"","meta":{"_acf_changed":false,"episode_type":"","audio_file":"","cover_image":"","cover_image_id":"","duration":"","filesize":"","date_recorded":"","explicit":"","block":"","filesize_raw":""},"product_cat":[298,260],"product_tag":[4082],"acf":[],"_links":{"self":[{"href":"https:\/\/promzvak.nl\/nl\/wp-json\/wp\/v2\/product\/38969"}],"collection":[{"href":"https:\/\/promzvak.nl\/nl\/wp-json\/wp\/v2\/product"}],"about":[{"href":"https:\/\/promzvak.nl\/nl\/wp-json\/wp\/v2\/types\/product"}],"wp:featuredmedia":[{"embeddable":true,"href":"https:\/\/promzvak.nl\/nl\/wp-json\/wp\/v2\/media\/38896"}],"wp:attachment":[{"href":"https:\/\/promzvak.nl\/nl\/wp-json\/wp\/v2\/media?parent=38969"}],"wp:term":[{"taxonomy":"product_cat","embeddable":true,"href":"https:\/\/promzvak.nl\/nl\/wp-json\/wp\/v2\/product_cat?post=38969"},{"taxonomy":"product_tag","embeddable":true,"href":"https:\/\/promzvak.nl\/nl\/wp-json\/wp\/v2\/product_tag?post=38969"}],"curies":[{"name":"wp","href":"https:\/\/api.w.org\/{rel}","templated":true}]}}