{"id":38937,"date":"2021-03-30T00:00:00","date_gmt":"2021-03-29T22:00:00","guid":{"rendered":"https:\/\/promzvak.nl\/product\/leo-line-y-dunschiller-met-zester\/"},"modified":"2021-12-24T15:24:36","modified_gmt":"2021-12-24T13:24:36","slug":"leo-line-y-dunschiller-met-zester","status":"publish","type":"product","link":"https:\/\/promzvak.nl\/nl\/product\/leo-line-y-dunschiller-met-zester\/","title":{"rendered":"Leo Line Y dunschiller met zester"},"content":{"rendered":"<p>Met zijn scherpe roestvrijstalen mes is deze multifunctionele Y-dunschiller perfect voor het snel en eenvoudig schillen van allerlei soorten fruit en groenten. Hij glijdt zelfs door de zwaarste skins en past dankzij de ergonomische soft-touch handgreep als een handschoen. De ge\u00efntegreerde aardappeloogverwijderaar helpt u onvolkomenheden in \u00e9\u00e9n schep te verwijderen. Met ge\u00efntegreerde zester.<\/p>\n<!-- AddThis Advanced Settings generic via filter on the_content --><!-- AddThis Share Buttons generic via filter on the_content -->","protected":false},"excerpt":{"rendered":"<p>Met zijn scherpe roestvrijstalen mes is deze multifunctionele Y-dunschiller perfect voor het snel en eenvoudig schillen van allerlei soorten fruit en groenten. Hij glijdt zelfs door de zwaarste skins en past dankzij de ergonomische soft-touch handgreep als een handschoen. De ge\u00efntegreerde aardappeloogverwijderaar helpt u onvolkomenheden in \u00e9\u00e9n schep te verwijderen. Met ge\u00efntegreerde zester. [&#8230;]<\/p>\n<p><a class=\"btn btn-secondary understrap-read-more-link\" href=\"https:\/\/promzvak.nl\/nl\/product\/leo-line-y-dunschiller-met-zester\/\">Lees verder&#8230;<\/a><\/p>\n<p><!-- AddThis Advanced Settings generic via filter on get_the_excerpt --><!-- AddThis Share Buttons generic via filter on get_the_excerpt --><\/p>\n","protected":false},"featured_media":38772,"template":"","meta":{"_acf_changed":false,"episode_type":"","audio_file":"","cover_image":"","cover_image_id":"","duration":"","filesize":"","date_recorded":"","explicit":"","block":"","filesize_raw":""},"product_cat":[298,260],"product_tag":[4082],"acf":[],"_links":{"self":[{"href":"https:\/\/promzvak.nl\/nl\/wp-json\/wp\/v2\/product\/38937"}],"collection":[{"href":"https:\/\/promzvak.nl\/nl\/wp-json\/wp\/v2\/product"}],"about":[{"href":"https:\/\/promzvak.nl\/nl\/wp-json\/wp\/v2\/types\/product"}],"wp:featuredmedia":[{"embeddable":true,"href":"https:\/\/promzvak.nl\/nl\/wp-json\/wp\/v2\/media\/38772"}],"wp:attachment":[{"href":"https:\/\/promzvak.nl\/nl\/wp-json\/wp\/v2\/media?parent=38937"}],"wp:term":[{"taxonomy":"product_cat","embeddable":true,"href":"https:\/\/promzvak.nl\/nl\/wp-json\/wp\/v2\/product_cat?post=38937"},{"taxonomy":"product_tag","embeddable":true,"href":"https:\/\/promzvak.nl\/nl\/wp-json\/wp\/v2\/product_tag?post=38937"}],"curies":[{"name":"wp","href":"https:\/\/api.w.org\/{rel}","templated":true}]}}