{"id":36853,"date":"2021-01-11T00:00:00","date_gmt":"2021-01-10T22:00:00","guid":{"rendered":"https:\/\/promzvak.nl\/product\/buzz-charging-speaker-draadloze-oplader\/"},"modified":"2021-12-24T15:18:38","modified_gmt":"2021-12-24T13:18:38","slug":"buzz-charging-speaker-draadloze-oplader","status":"publish","type":"product","link":"https:\/\/promzvak.nl\/nl\/product\/buzz-charging-speaker-draadloze-oplader\/","title":{"rendered":"Buzz Charging Speaker draadloze oplader"},"content":{"rendered":"<p>Stijlvolle bluetooth speaker \u00e9n draadloze oplader in\u00e9\u00e9n, van ABS\/Textiel. De ideale combinatie voor laden en luisteren. De draadloze 3W bluetooth speaker (versie 4.1) is oplaadbaar en beschikt over uitstekende geluidsweergave. Frequentie: 20HZ-20KHz. Met ingebouwde 400mAh li-ion batterij voor lang luisterplezier. De 5W draadloze oplader is compatible met apparaten die Qi draadloos opladen ondersteunen (nieuwste generatie Androids en iphones vanaf model 8). Input: 5V\/1A. Wireless output: 5V\/0.8A. Inclusief micro usb kabel en gebruiksaanwijzing. Per stuk in doosje.<\/p>\n<!-- AddThis Advanced Settings generic via filter on the_content --><!-- AddThis Share Buttons generic via filter on the_content -->","protected":false},"excerpt":{"rendered":"<p>Stijlvolle bluetooth speaker \u00e9n draadloze oplader in\u00e9\u00e9n, van ABS\/Textiel. De ideale combinatie voor laden en luisteren. De draadloze 3W bluetooth speaker (versie 4.1) is oplaadbaar en beschikt over uitstekende geluidsweergave. Frequentie: 20HZ-20KHz. Met ingebouwde 400mAh li-ion batterij voor lang luisterplezier. De 5W draadloze oplader is compatible met apparaten die Qi draadloos opladen ondersteunen (nieuwste generatie Androids en iphones vanaf model 8). Input: 5V\/1A. Wireless output: 5V\/0.8A. Inclusief micro usb kabel en gebruiksaanwijzing. Per stuk in doosje. [&#8230;]<\/p>\n<p><a class=\"btn btn-secondary understrap-read-more-link\" href=\"https:\/\/promzvak.nl\/nl\/product\/buzz-charging-speaker-draadloze-oplader\/\">Lees verder&#8230;<\/a><\/p>\n<p><!-- AddThis Advanced Settings generic via filter on get_the_excerpt --><!-- AddThis Share Buttons generic via filter on get_the_excerpt --><\/p>\n","protected":false},"featured_media":35625,"template":"","meta":{"_acf_changed":false,"episode_type":"","audio_file":"","cover_image":"","cover_image_id":"","duration":"","filesize":"","date_recorded":"","explicit":"","block":"","filesize_raw":""},"product_cat":[284,261,332,337,266],"product_tag":[3617],"acf":[],"_links":{"self":[{"href":"https:\/\/promzvak.nl\/nl\/wp-json\/wp\/v2\/product\/36853"}],"collection":[{"href":"https:\/\/promzvak.nl\/nl\/wp-json\/wp\/v2\/product"}],"about":[{"href":"https:\/\/promzvak.nl\/nl\/wp-json\/wp\/v2\/types\/product"}],"wp:featuredmedia":[{"embeddable":true,"href":"https:\/\/promzvak.nl\/nl\/wp-json\/wp\/v2\/media\/35625"}],"wp:attachment":[{"href":"https:\/\/promzvak.nl\/nl\/wp-json\/wp\/v2\/media?parent=36853"}],"wp:term":[{"taxonomy":"product_cat","embeddable":true,"href":"https:\/\/promzvak.nl\/nl\/wp-json\/wp\/v2\/product_cat?post=36853"},{"taxonomy":"product_tag","embeddable":true,"href":"https:\/\/promzvak.nl\/nl\/wp-json\/wp\/v2\/product_tag?post=36853"}],"curies":[{"name":"wp","href":"https:\/\/api.w.org\/{rel}","templated":true}]}}