{"id":33857,"date":"2021-03-08T00:00:00","date_gmt":"2021-03-07T22:00:00","guid":{"rendered":"https:\/\/promzvak.nl\/product\/waterman-hemisphere-balpen-met-logo\/"},"modified":"2021-12-24T15:16:47","modified_gmt":"2021-12-24T13:16:47","slug":"waterman-hemisphere-balpen-met-logo","status":"publish","type":"product","link":"https:\/\/promzvak.nl\/nl\/product\/waterman-hemisphere-balpen-met-logo\/","title":{"rendered":"Waterman H\u00e9misph\u00e8re balpen met logo"},"content":{"rendered":"<h2>Waterman H\u00e9misph\u00e8re balpen met bedrukking<\/h2>\n<p>Pure, strakke, tijdloze lijnen. De praktische en discrete Hemisphere past in tas, binnenzak en notitieboek of agenda. Design dat natuurlijke elegantie combineert met pure uitstraling. Met Waterman geschenkverpakking. Inclusief vulling. Exclusief ontwerp. Blauwschrijvend. RVS.<\/p>\n<!-- AddThis Advanced Settings generic via filter on the_content --><!-- AddThis Share Buttons generic via filter on the_content -->","protected":false},"excerpt":{"rendered":"<h2>Waterman H\u00e9misph\u00e8re balpen met bedrukking<\/h2>\n<p>Pure, strakke, tijdloze lijnen. De praktische en discrete Hemisphere past in tas, binnenzak en notitieboek of agenda. Design dat natuurlijke elegantie combineert met pure uitstraling. Met Waterman geschenkverpakking. Inclusief vulling. Exclusief ontwerp. Blauwschrijvend. RVS. [&#8230;]<\/p>\n<p><a class=\"btn btn-secondary understrap-read-more-link\" href=\"https:\/\/promzvak.nl\/nl\/product\/waterman-hemisphere-balpen-met-logo\/\">Lees verder&#8230;<\/a><\/p>\n<p><!-- AddThis Advanced Settings generic via filter on get_the_excerpt --><!-- AddThis Share Buttons generic via filter on get_the_excerpt --><\/p>\n","protected":false},"featured_media":33737,"template":"","meta":{"_acf_changed":false,"episode_type":"","audio_file":"","cover_image":"","cover_image_id":"","duration":"","filesize":"","date_recorded":"","explicit":"","block":"","filesize_raw":""},"product_cat":[261,320],"product_tag":[3050,3317,3052,3051,3316],"acf":[],"_links":{"self":[{"href":"https:\/\/promzvak.nl\/nl\/wp-json\/wp\/v2\/product\/33857"}],"collection":[{"href":"https:\/\/promzvak.nl\/nl\/wp-json\/wp\/v2\/product"}],"about":[{"href":"https:\/\/promzvak.nl\/nl\/wp-json\/wp\/v2\/types\/product"}],"wp:featuredmedia":[{"embeddable":true,"href":"https:\/\/promzvak.nl\/nl\/wp-json\/wp\/v2\/media\/33737"}],"wp:attachment":[{"href":"https:\/\/promzvak.nl\/nl\/wp-json\/wp\/v2\/media?parent=33857"}],"wp:term":[{"taxonomy":"product_cat","embeddable":true,"href":"https:\/\/promzvak.nl\/nl\/wp-json\/wp\/v2\/product_cat?post=33857"},{"taxonomy":"product_tag","embeddable":true,"href":"https:\/\/promzvak.nl\/nl\/wp-json\/wp\/v2\/product_tag?post=33857"}],"curies":[{"name":"wp","href":"https:\/\/api.w.org\/{rel}","templated":true}]}}