{"id":33849,"date":"2021-08-02T00:00:00","date_gmt":"2021-08-01T22:00:00","guid":{"rendered":"https:\/\/promzvak.nl\/product\/bedrukte-vasa-koper-vacuum-geisoleerde-drinkfles\/"},"modified":"2021-12-24T15:16:42","modified_gmt":"2021-12-24T13:16:42","slug":"bedrukte-vasa-koper-vacuum-geisoleerde-drinkfles","status":"publish","type":"product","link":"https:\/\/promzvak.nl\/nl\/product\/bedrukte-vasa-koper-vacuum-geisoleerde-drinkfles\/","title":{"rendered":"Bedrukte Vasa koper vacu\u00fcm ge\u00efsoleerde drinkfles"},"content":{"rendered":"<h2>Vasa koper vacu\u00fcm ge\u00efsoleerde drinkfles met bedrukking<\/h2>\n<p>De Vasa drinkfles is dubbelwandig. 18\/8 roestvrijstaal met vacu\u00fcm isolatie. De binnenwand is van koper voor ultieme geleiding om drankjes tot maximaal 12 uur warm te houden en koud tot maximaal 48 uur. Voorkomt condensatie aan de buitenkant van de fles. Inhoud 500 ml. Geleverd in een Avenue geschenkverpakking. RVS.<\/p>\n<!-- AddThis Advanced Settings generic via filter on the_content --><!-- AddThis Share Buttons generic via filter on the_content -->","protected":false},"excerpt":{"rendered":"<h2>Vasa koper vacu\u00fcm ge\u00efsoleerde drinkfles met bedrukking<\/h2>\n<p>De Vasa drinkfles is dubbelwandig. 18\/8 roestvrijstaal met vacu\u00fcm isolatie. De binnenwand is van koper voor ultieme geleiding om drankjes tot maximaal 12 uur warm te houden en koud tot maximaal 48 uur. Voorkomt condensatie aan de buitenkant van de fles. Inhoud 500 ml. Geleverd in een Avenue geschenkverpakking. RVS. [&#8230;]<\/p>\n<p><a class=\"btn btn-secondary understrap-read-more-link\" href=\"https:\/\/promzvak.nl\/nl\/product\/bedrukte-vasa-koper-vacuum-geisoleerde-drinkfles\/\">Lees verder&#8230;<\/a><\/p>\n<p><!-- AddThis Advanced Settings generic via filter on get_the_excerpt --><!-- AddThis Share Buttons generic via filter on get_the_excerpt --><\/p>\n","protected":false},"featured_media":33561,"template":"","meta":{"_acf_changed":false,"episode_type":"","audio_file":"","cover_image":"","cover_image_id":"","duration":"","filesize":"","date_recorded":"","explicit":"","block":"","filesize_raw":""},"product_cat":[279,257,338],"product_tag":[3102,1945,1168,2929,3103],"acf":[],"_links":{"self":[{"href":"https:\/\/promzvak.nl\/nl\/wp-json\/wp\/v2\/product\/33849"}],"collection":[{"href":"https:\/\/promzvak.nl\/nl\/wp-json\/wp\/v2\/product"}],"about":[{"href":"https:\/\/promzvak.nl\/nl\/wp-json\/wp\/v2\/types\/product"}],"wp:featuredmedia":[{"embeddable":true,"href":"https:\/\/promzvak.nl\/nl\/wp-json\/wp\/v2\/media\/33561"}],"wp:attachment":[{"href":"https:\/\/promzvak.nl\/nl\/wp-json\/wp\/v2\/media?parent=33849"}],"wp:term":[{"taxonomy":"product_cat","embeddable":true,"href":"https:\/\/promzvak.nl\/nl\/wp-json\/wp\/v2\/product_cat?post=33849"},{"taxonomy":"product_tag","embeddable":true,"href":"https:\/\/promzvak.nl\/nl\/wp-json\/wp\/v2\/product_tag?post=33849"}],"curies":[{"name":"wp","href":"https:\/\/api.w.org\/{rel}","templated":true}]}}