{"id":33846,"date":"2021-08-24T00:00:00","date_gmt":"2021-08-23T22:00:00","guid":{"rendered":"https:\/\/promzvak.nl\/product\/valby-lekvrije-vacuum-geisoleerde-drinkbeker-met-bedrukking\/"},"modified":"2021-12-24T15:16:41","modified_gmt":"2021-12-24T13:16:41","slug":"valby-lekvrije-vacuum-geisoleerde-drinkbeker-met-bedrukking","status":"publish","type":"product","link":"https:\/\/promzvak.nl\/nl\/product\/valby-lekvrije-vacuum-geisoleerde-drinkbeker-met-bedrukking\/","title":{"rendered":"Valby lekvrije vacu\u00fcm ge\u00efsoleerde drinkbeker met bedrukking"},"content":{"rendered":"<h2>Valby lekvrije vacu\u00fcm ge\u00efsoleerde drinkbeker met logo<\/h2>\n<p>Dubbelwandige, lekvrije vacu\u00fcm thermosbeker met schroefdeksel. Dit type isolatie biedt het langste temperatuurbehoud. De beker heeft een niet lekkende schroefdop met een ge\u00efntegreerde drukknop schenktuit. Inhoud 400 ml. Geleverd in een geschenkverpakking. RVS binnen- &amp; buitenzijde.<\/p>\n<!-- AddThis Advanced Settings generic via filter on the_content --><!-- AddThis Share Buttons generic via filter on the_content -->","protected":false},"excerpt":{"rendered":"<h2>Valby lekvrije vacu\u00fcm ge\u00efsoleerde drinkbeker met logo<\/h2>\n<p>Dubbelwandige, lekvrije vacu\u00fcm thermosbeker met schroefdeksel. Dit type isolatie biedt het langste temperatuurbehoud. De beker heeft een niet lekkende schroefdop met een ge\u00efntegreerde drukknop schenktuit. Inhoud 400 ml. Geleverd in een geschenkverpakking. RVS binnen- &amp; buitenzijde. [&#8230;]<\/p>\n<p><a class=\"btn btn-secondary understrap-read-more-link\" href=\"https:\/\/promzvak.nl\/nl\/product\/valby-lekvrije-vacuum-geisoleerde-drinkbeker-met-bedrukking\/\">Lees verder&#8230;<\/a><\/p>\n<p><!-- AddThis Advanced Settings generic via filter on get_the_excerpt --><!-- AddThis Share Buttons generic via filter on get_the_excerpt --><\/p>\n","protected":false},"featured_media":33655,"template":"","meta":{"_acf_changed":false,"episode_type":"","audio_file":"","cover_image":"","cover_image_id":"","duration":"","filesize":"","date_recorded":"","explicit":"","block":"","filesize_raw":""},"product_cat":[278,257,338],"product_tag":[3102,2888,2889,2929,3103],"acf":[],"_links":{"self":[{"href":"https:\/\/promzvak.nl\/nl\/wp-json\/wp\/v2\/product\/33846"}],"collection":[{"href":"https:\/\/promzvak.nl\/nl\/wp-json\/wp\/v2\/product"}],"about":[{"href":"https:\/\/promzvak.nl\/nl\/wp-json\/wp\/v2\/types\/product"}],"wp:featuredmedia":[{"embeddable":true,"href":"https:\/\/promzvak.nl\/nl\/wp-json\/wp\/v2\/media\/33655"}],"wp:attachment":[{"href":"https:\/\/promzvak.nl\/nl\/wp-json\/wp\/v2\/media?parent=33846"}],"wp:term":[{"taxonomy":"product_cat","embeddable":true,"href":"https:\/\/promzvak.nl\/nl\/wp-json\/wp\/v2\/product_cat?post=33846"},{"taxonomy":"product_tag","embeddable":true,"href":"https:\/\/promzvak.nl\/nl\/wp-json\/wp\/v2\/product_tag?post=33846"}],"curies":[{"name":"wp","href":"https:\/\/api.w.org\/{rel}","templated":true}]}}