{"id":33845,"date":"2021-06-03T00:00:00","date_gmt":"2021-06-02T22:00:00","guid":{"rendered":"https:\/\/promzvak.nl\/product\/bedrukte-vaillant-heren-overhemd-met-lange-mouwen\/"},"modified":"2021-12-24T15:16:40","modified_gmt":"2021-12-24T13:16:40","slug":"bedrukte-vaillant-heren-overhemd-met-lange-mouwen","status":"publish","type":"product","link":"https:\/\/promzvak.nl\/nl\/product\/bedrukte-vaillant-heren-overhemd-met-lange-mouwen\/","title":{"rendered":"Bedrukte Vaillant heren overhemd met lange mouwen"},"content":{"rendered":"<h2>Vaillant heren overhemd met lange mouwen<\/h2>\n<p>Button-down kraag.Verstelbare \u00e9\u00e9nknoops, \u00e9\u00e9nploois manchet.Tweede knoopsgat van onder met oranje stiksels..Satijnen bies aan de binnenkant van de nek.Gegraveerde parel knopen.Transfer maatlabel voor extra comfort. Oxford van 100% katoen. 40 x 32\/2, 110 x 50. 142 g\/m\u00b2.<\/p>\n<!-- AddThis Advanced Settings generic via filter on the_content --><!-- AddThis Share Buttons generic via filter on the_content -->","protected":false},"excerpt":{"rendered":"<h2>Vaillant heren overhemd met lange mouwen<\/h2>\n<p>Button-down kraag.Verstelbare \u00e9\u00e9nknoops, \u00e9\u00e9nploois manchet.Tweede knoopsgat van onder met oranje stiksels..Satijnen bies aan de binnenkant van de nek.Gegraveerde parel knopen.Transfer maatlabel voor extra comfort. Oxford van 100% katoen. 40 x 32\/2, 110 x 50. 142 g\/m\u00b2. [&#8230;]<\/p>\n<p><a class=\"btn btn-secondary understrap-read-more-link\" href=\"https:\/\/promzvak.nl\/nl\/product\/bedrukte-vaillant-heren-overhemd-met-lange-mouwen\/\">Lees verder&#8230;<\/a><\/p>\n<p><!-- AddThis Advanced Settings generic via filter on get_the_excerpt --><!-- AddThis Share Buttons generic via filter on get_the_excerpt --><\/p>\n","protected":false},"featured_media":33551,"template":"","meta":{"_acf_changed":false,"episode_type":"","audio_file":"","cover_image":"","cover_image_id":"","duration":"","filesize":"","date_recorded":"","explicit":"","block":"","filesize_raw":""},"product_cat":[322,265],"product_tag":[3304,3301,3305,3303,3302],"acf":[],"_links":{"self":[{"href":"https:\/\/promzvak.nl\/nl\/wp-json\/wp\/v2\/product\/33845"}],"collection":[{"href":"https:\/\/promzvak.nl\/nl\/wp-json\/wp\/v2\/product"}],"about":[{"href":"https:\/\/promzvak.nl\/nl\/wp-json\/wp\/v2\/types\/product"}],"wp:featuredmedia":[{"embeddable":true,"href":"https:\/\/promzvak.nl\/nl\/wp-json\/wp\/v2\/media\/33551"}],"wp:attachment":[{"href":"https:\/\/promzvak.nl\/nl\/wp-json\/wp\/v2\/media?parent=33845"}],"wp:term":[{"taxonomy":"product_cat","embeddable":true,"href":"https:\/\/promzvak.nl\/nl\/wp-json\/wp\/v2\/product_cat?post=33845"},{"taxonomy":"product_tag","embeddable":true,"href":"https:\/\/promzvak.nl\/nl\/wp-json\/wp\/v2\/product_tag?post=33845"}],"curies":[{"name":"wp","href":"https:\/\/api.w.org\/{rel}","templated":true}]}}