{"id":31411,"date":"2021-11-11T00:00:00","date_gmt":"2021-11-10T22:00:00","guid":{"rendered":"https:\/\/promzvak.nl\/product\/sullivan-geisoleerde-thermosfles-met-bedrukking\/"},"modified":"2021-12-24T15:14:25","modified_gmt":"2021-12-24T13:14:25","slug":"sullivan-geisoleerde-thermosfles-met-bedrukking","status":"publish","type":"product","link":"https:\/\/promzvak.nl\/nl\/product\/sullivan-geisoleerde-thermosfles-met-bedrukking\/","title":{"rendered":"Sullivan ge\u00efsoleerde thermosfles met bedrukking"},"content":{"rendered":"<h2>Sullivan ge\u00efsoleerde thermosfles<\/h2>\n<p>De Sullivan thermosfles is een dubbelwandig ge\u00efsoleerde thermosbeker met schroefdop die ook dienst doet als beker. Met \u00e9\u00e9n hand te openen schenktuit die automatisch terugschuift als u de dop weer aanbrengt. De RVS thermosfles heeft een inhoud van 750ml. en is te personaliseren door middel van een bedrukking.<\/p>\n<!-- AddThis Advanced Settings generic via filter on the_content --><!-- AddThis Share Buttons generic via filter on the_content -->","protected":false},"excerpt":{"rendered":"<h2>Sullivan ge\u00efsoleerde thermosfles<\/h2>\n<p>De Sullivan thermosfles is een dubbelwandig ge\u00efsoleerde thermosbeker met schroefdop die ook dienst doet als beker. Met \u00e9\u00e9n hand te openen schenktuit die automatisch terugschuift als u de dop weer aanbrengt. De RVS thermosfles heeft een inhoud van 750ml. en is te personaliseren door middel van een bedrukking. [&#8230;]<\/p>\n<p><a class=\"btn btn-secondary understrap-read-more-link\" href=\"https:\/\/promzvak.nl\/nl\/product\/sullivan-geisoleerde-thermosfles-met-bedrukking\/\">Lees verder&#8230;<\/a><\/p>\n<p><!-- AddThis Advanced Settings generic via filter on get_the_excerpt --><!-- AddThis Share Buttons generic via filter on get_the_excerpt --><\/p>\n","protected":false},"featured_media":31371,"template":"","meta":{"_acf_changed":false,"episode_type":"","audio_file":"","cover_image":"","cover_image_id":"","duration":"","filesize":"","date_recorded":"","explicit":"","block":"","filesize_raw":""},"product_cat":[279,257,338],"product_tag":[3102,2888,2889,2929,3103],"acf":[],"_links":{"self":[{"href":"https:\/\/promzvak.nl\/nl\/wp-json\/wp\/v2\/product\/31411"}],"collection":[{"href":"https:\/\/promzvak.nl\/nl\/wp-json\/wp\/v2\/product"}],"about":[{"href":"https:\/\/promzvak.nl\/nl\/wp-json\/wp\/v2\/types\/product"}],"wp:featuredmedia":[{"embeddable":true,"href":"https:\/\/promzvak.nl\/nl\/wp-json\/wp\/v2\/media\/31371"}],"wp:attachment":[{"href":"https:\/\/promzvak.nl\/nl\/wp-json\/wp\/v2\/media?parent=31411"}],"wp:term":[{"taxonomy":"product_cat","embeddable":true,"href":"https:\/\/promzvak.nl\/nl\/wp-json\/wp\/v2\/product_cat?post=31411"},{"taxonomy":"product_tag","embeddable":true,"href":"https:\/\/promzvak.nl\/nl\/wp-json\/wp\/v2\/product_tag?post=31411"}],"curies":[{"name":"wp","href":"https:\/\/api.w.org\/{rel}","templated":true}]}}