{"id":29359,"date":"2021-08-03T00:00:00","date_gmt":"2021-08-02T22:00:00","guid":{"rendered":"https:\/\/promzvak.nl\/product\/geo-vacuum-geisoleerde-drinkbeker-met-bedrukking\/"},"modified":"2021-12-24T15:12:31","modified_gmt":"2021-12-24T13:12:31","slug":"geo-vacuum-geisoleerde-drinkbeker-met-bedrukking","status":"publish","type":"product","link":"https:\/\/promzvak.nl\/nl\/product\/geo-vacuum-geisoleerde-drinkbeker-met-bedrukking\/","title":{"rendered":"Geo vacu\u00fcm ge\u00efsoleerde drinkbeker met bedrukking"},"content":{"rendered":"<h2>Geo koper vacu\u00fcm ge\u00efsoleerde drinkbeker met logo<\/h2>\n<p>De GEO ge\u00efsoleerde drinkbeker heeft een dubbelwandige vacu\u00fcm constructie. De binnenwand is van koper voor ultieme geleiding om drankjes tot maximaal 8 uur warm te houden en koud tot maximaal 24 uur. Voorkomt condensatie aan de buitenkant van de beker. Ervan drinken is eenvoudig, dankzij het push-on deksel met schuifklepje om af te sluiten. Brede opening voor comfortabel vullen of uitschenken. De RVS drinkbeker heeft een volume van 350 ml.<\/p>\n<p>De drinkbeker wordt geleverd in een Avenue geschenkverpakking en is leverbaar in drie verschillende kleuren.<\/p>\n<!-- AddThis Advanced Settings generic via filter on the_content --><!-- AddThis Share Buttons generic via filter on the_content -->","protected":false},"excerpt":{"rendered":"<h2>Geo koper vacu\u00fcm ge\u00efsoleerde drinkbeker met logo<\/h2>\n<p>De GEO ge\u00efsoleerde drinkbeker heeft een dubbelwandige vacu\u00fcm constructie. De binnenwand is van koper voor ultieme geleiding om drankjes tot maximaal 8 uur warm te houden en koud tot maximaal 24 uur. Voorkomt condensatie aan de buitenkant van de beker. Ervan drinken is eenvoudig, dankzij het push-on deksel met schuifklepje om af te sluiten. Brede opening voor comfortabel vullen of uitschenken. De RVS drinkbeker heeft een volume van 350 ml.<\/p>\n<p>De drinkbeker wordt geleverd in een Avenue geschenkverpakking en is leverbaar in drie verschillende kleuren. [&#8230;]<\/p>\n<p><a class=\"btn btn-secondary understrap-read-more-link\" href=\"https:\/\/promzvak.nl\/nl\/product\/geo-vacuum-geisoleerde-drinkbeker-met-bedrukking\/\">Lees verder&#8230;<\/a><\/p>\n<p><!-- AddThis Advanced Settings generic via filter on get_the_excerpt --><!-- AddThis Share Buttons generic via filter on get_the_excerpt --><\/p>\n","protected":false},"featured_media":29254,"template":"","meta":{"_acf_changed":false,"episode_type":"","audio_file":"","cover_image":"","cover_image_id":"","duration":"","filesize":"","date_recorded":"","explicit":"","block":"","filesize_raw":""},"product_cat":[257,338],"product_tag":[2795],"acf":[],"_links":{"self":[{"href":"https:\/\/promzvak.nl\/nl\/wp-json\/wp\/v2\/product\/29359"}],"collection":[{"href":"https:\/\/promzvak.nl\/nl\/wp-json\/wp\/v2\/product"}],"about":[{"href":"https:\/\/promzvak.nl\/nl\/wp-json\/wp\/v2\/types\/product"}],"wp:featuredmedia":[{"embeddable":true,"href":"https:\/\/promzvak.nl\/nl\/wp-json\/wp\/v2\/media\/29254"}],"wp:attachment":[{"href":"https:\/\/promzvak.nl\/nl\/wp-json\/wp\/v2\/media?parent=29359"}],"wp:term":[{"taxonomy":"product_cat","embeddable":true,"href":"https:\/\/promzvak.nl\/nl\/wp-json\/wp\/v2\/product_cat?post=29359"},{"taxonomy":"product_tag","embeddable":true,"href":"https:\/\/promzvak.nl\/nl\/wp-json\/wp\/v2\/product_tag?post=29359"}],"curies":[{"name":"wp","href":"https:\/\/api.w.org\/{rel}","templated":true}]}}