{"id":29096,"date":"2021-11-05T00:00:00","date_gmt":"2021-11-04T22:00:00","guid":{"rendered":"https:\/\/promzvak.nl\/product\/duke-koper-vacuum-geisoleerde-drinkfles-met-bedrukking\/"},"modified":"2021-12-24T15:12:19","modified_gmt":"2021-12-24T13:12:19","slug":"duke-koper-vacuum-geisoleerde-drinkfles-met-bedrukking","status":"publish","type":"product","link":"https:\/\/promzvak.nl\/nl\/product\/duke-koper-vacuum-geisoleerde-drinkfles-met-bedrukking\/","title":{"rendered":"Duke koper vacu\u00fcm ge\u00efsoleerde drinkfles met bedrukking"},"content":{"rendered":"<h2>Bedrukte Duke koper vacu\u00fcm ge\u00efsoleerde drinkfles<\/h2>\n<p>De Duke drinkfles is dubbelwandig en van 18\/8 roestvrijstaal met vacu\u00fcm isolatie. De binnenwand is van koper voor ultieme geleiding om drankjes tot maximaal 12 uur warm te houden en koud tot maximaal 48 uur. Voorkomt condensatie aan de buitenkant van de fles. Inhoud 500 ml. De drinkfles wordt geleverd in een Avenue geschenkverpakking. Gemaakt van RVS.<\/p>\n<p>Te personaliseren door middel van een bedrukking en leverbaar in diverse kleuren.<\/p>\n<!-- AddThis Advanced Settings generic via filter on the_content --><!-- AddThis Share Buttons generic via filter on the_content -->","protected":false},"excerpt":{"rendered":"<h2>Bedrukte Duke koper vacu\u00fcm ge\u00efsoleerde drinkfles<\/h2>\n<p>De Duke drinkfles is dubbelwandig en van 18\/8 roestvrijstaal met vacu\u00fcm isolatie. De binnenwand is van koper voor ultieme geleiding om drankjes tot maximaal 12 uur warm te houden en koud tot maximaal 48 uur. Voorkomt condensatie aan de buitenkant van de fles. Inhoud 500 ml. De drinkfles wordt geleverd in een Avenue geschenkverpakking. Gemaakt van RVS.<\/p>\n<p>Te personaliseren door middel van een bedrukking en leverbaar in diverse kleuren. [&#8230;]<\/p>\n<p><a class=\"btn btn-secondary understrap-read-more-link\" href=\"https:\/\/promzvak.nl\/nl\/product\/duke-koper-vacuum-geisoleerde-drinkfles-met-bedrukking\/\">Lees verder&#8230;<\/a><\/p>\n<p><!-- AddThis Advanced Settings generic via filter on get_the_excerpt --><!-- AddThis Share Buttons generic via filter on get_the_excerpt --><\/p>\n","protected":false},"featured_media":29001,"template":"","meta":{"_acf_changed":false,"episode_type":"","audio_file":"","cover_image":"","cover_image_id":"","duration":"","filesize":"","date_recorded":"","explicit":"","block":"","filesize_raw":""},"product_cat":[257,338],"product_tag":[1946,2753,1167,1945,2754,2755],"acf":[],"_links":{"self":[{"href":"https:\/\/promzvak.nl\/nl\/wp-json\/wp\/v2\/product\/29096"}],"collection":[{"href":"https:\/\/promzvak.nl\/nl\/wp-json\/wp\/v2\/product"}],"about":[{"href":"https:\/\/promzvak.nl\/nl\/wp-json\/wp\/v2\/types\/product"}],"wp:featuredmedia":[{"embeddable":true,"href":"https:\/\/promzvak.nl\/nl\/wp-json\/wp\/v2\/media\/29001"}],"wp:attachment":[{"href":"https:\/\/promzvak.nl\/nl\/wp-json\/wp\/v2\/media?parent=29096"}],"wp:term":[{"taxonomy":"product_cat","embeddable":true,"href":"https:\/\/promzvak.nl\/nl\/wp-json\/wp\/v2\/product_cat?post=29096"},{"taxonomy":"product_tag","embeddable":true,"href":"https:\/\/promzvak.nl\/nl\/wp-json\/wp\/v2\/product_tag?post=29096"}],"curies":[{"name":"wp","href":"https:\/\/api.w.org\/{rel}","templated":true}]}}